{"id":64,"date":"2024-06-17T09:00:25","date_gmt":"2024-06-17T09:00:25","guid":{"rendered":"https:\/\/okkalboho.hu\/?page_id=64"},"modified":"2024-06-17T09:15:44","modified_gmt":"2024-06-17T09:15:44","slug":"kornyek","status":"publish","type":"page","link":"https:\/\/okkalboho.hu\/?page_id=64","title":{"rendered":"A k\u00f6rny\u00e9k"},"content":{"rendered":"\n<blockquote class=\"wp-block-quote is-style-default has-custom-sz-n-1-color has-text-color has-background has-link-color wp-elements-5a52163b1c809124c46b62f42dfd134f is-layout-flow wp-container-core-quote-is-layout-e3d1c41b wp-block-quote-is-layout-flow\" style=\"background-color:#814e07\">\n<p>Szanda l\u00e1tnival\u00f3i<\/p>\n\n\n\n<p>Szanda v\u00e1r romjai<\/p>\n\n\n\n<p>A Cserh\u00e1t 529 m\u00e9ter magas vulk\u00e1ni cs\u00facs\u00e1n fekszik Szandav\u00e1r romja.<br><br>A v\u00e1r legr\u00e9gibb r\u00e9sze a 13. sz\u00e1zad v\u00e9g\u00e9n \u00e9p\u00fclt, k\u00fcls\u0151 falai a 15-16. sz\u00e1zadban. 1460-ban Sz\u00e9cs\u00e9nyi L\u00e1szl\u00f3 v\u00e9res csat\u00e1t v\u00edvott itt a csehekkel. A csat\u00e1ban kev\u00e9s cseh katona maradt \u00e9letben, sokukat rabl\u00e1ncra vertek, hadi eszk\u00f6zeiket elvett\u00e9k t\u0151l\u00fck. 1546 t\u00e1j\u00e1n a v\u00e1r a t\u00f6r\u00f6k\u00f6k birtok\u00e1ba ker\u00fclt, de 1551-ben Horv\u00e1th Bertalan gyarmati kapit\u00e1ny visszafoglalta t\u0151l\u00fck. A v\u00e1rkapit\u00e1ny \u00e9s fegyveresei egy rejtett \u00fcregen kereszt\u00fcl, amit a feljegyz\u00e9sek szerint egy sz\u00f6kev\u00e9ny t\u00f6r\u00f6kt\u0151l tudtak meg, v\u00e1ratlanul behatoltak a v\u00e1rba. A v\u00e9res k\u00f6zelharcban a 150 f\u0151nyi \u0151rs\u00e9g nagy r\u00e9sz\u00e9t lev\u00e1gt\u00e1k, m\u00edg 55-\u00f6t foglyul ejtettek.<br><br>A gy\u0151ztes kir\u00e1lyi katonas\u00e1g elvonul\u00e1sakor puskaporral felrobbantotta a k\u0151v\u00e1r falait \u00e9s \u00e9p\u00fcleteit, hogy t\u00f6bb\u00e9 ne szolg\u00e1lhasson a h\u00f3d\u00edt\u00f3k b\u00e1zis\u00e1ul. Ezut\u00e1n had\u00e1szati szerepe megsz\u0171nt.<\/p>\n\n\n\n<p>V\u00e1r-hegyi geol\u00f3giai tan\u00f6sv\u00e9ny<\/p>\n\n\n\n<p>A K\u00f6zponti-Cserh\u00e1t &#8211; \u00e9s benne az 529 m magas, kett\u0151s orm\u00fa Szanda hegy &#8211; uralkod\u00f3 vulkanikus k\u0151zete a pirox\u00e9nandezit. A tan\u00f6sv\u00e9ny az 1976-ban v\u00e9dett\u00e9 nyilv\u00e1n\u00edtott (helyi jelent\u0151s\u00e9g\u0171 v\u00e9dett term\u00e9szeti \u00e9rt\u00e9k) 20 hekt\u00e1ros Szanda V\u00e1r-hegyet fogja k\u00f6r\u00fcl.<br><br>A Szanda keleti orm\u00e1r\u00f3l, a Szandav\u00e1r romjair\u00f3l p\u00e1ratlan kil\u00e1t\u00e1s ny\u00edlik az eg\u00e9sz Cserh\u00e1tra, de a t\u00e1volabbi M\u00e1tr\u00e1ra \u00e9s B\u00f6rzs\u00f6nyre is. A t\u00f6lgyesekkel \u00f6vezett szilik\u00e1t sziklagyepek \u00e9l\u0151vil\u00e1ga is \u00e9rdekes, de a bemutat\u00f3\u00fat a f\u00f6ldtani l\u00e1tnival\u00f3kra \u00f6sszpontos\u00edt.<br><br>L\u00e1thatunk itt k\u0151fejt\u00e9s \u00e1ltal kibontott oszlopos elv\u00e1l\u00e1s\u00fa andezitfalat, fekv\u0151 helyzet\u0171 oszlopcsonkokat, g\u00f6mbh\u00e9jas elv\u00e1l\u00e1s\u00fa, tuf\u00e1ba \u00e1gyaz\u00f3dott l\u00e1vabomb\u00e1kat \u00e9s a j\u00e9gkorszaki fagyapr\u00f3z\u00f3d\u00e1s nyom\u00e1n kialakult k\u0151tengert.<\/p>\n\n\n\n<p>M\u00e1ria-forr\u00e1s<\/p>\n\n\n\n<p>Az itt \u00e9l\u0151 \u00f6tven-, hatvan\u00e9vesek sz\u00fclei, nagysz\u00fclei idej\u00e9ben ismert b\u00facs\u00faj\u00e1r\u00f3hely volt az erd\u0151s domboldalban felfakadt forr\u00e1sk\u00f6rny\u00e9k, amit az itt l\u00e9v\u0151 Sz\u0171z M\u00e1ria-k\u00e9pr\u0151l K\u00e9pecsk\u00e9nek neveznek.<\/p>\n\n\n\n<p>T\u00edz \u00e9vvel ezel\u0151tt a szandai hagyom\u00e1ny\u0151rz\u0151k szorgalmazt\u00e1k, hogy ne mer\u00fclj\u00f6n feled\u00e9sbe a M\u00e1ria-forr\u00e1s t\u00f6rt\u00e9nete. Kezdem\u00e9nyez\u00e9s\u00fckre \u00fajult, sz\u00e9p\u00fclt meg a nevezetes hely, ahol \u201ea hegyr\u0151l lehozott\u201d fafesz\u00fclet is \u00e1ll.<br>Az \u00f6nkorm\u00e1nyzat seg\u00edts\u00e9g\u00e9vel \u00fcl\u0151k\u00e9k, l\u00e9pcs\u0151k, fakorl\u00e1tok k\u00e9sz\u00fcltek, a kisz\u00e1rad\u00f3ban l\u00e9v\u0151 \u201ekutat\u201d kitiszt\u00edtott\u00e1k, s ma kis cs\u00f6v\u00f6n folyik a vize, aminek gy\u00f3gy\u00edt\u00f3 er\u0151t tulajdon\u00edtottak.<\/p>\n\n\n\n<p>A betegs\u00e9g\u00e9b\u0151l gy\u00f3gyult, szandai Ag\u00f3cs J\u00e1nos fogadalm\u00e1nak eleget t\u00e9ve M\u00e1ria-szoborral gyarap\u00edtotta az egykori-mai b\u00facs\u00fahelyet. A forr\u00e1s Szandav\u00e1ralj\u00e1r\u00f3l k\u00f6zel\u00edthet\u0151 meg, 15-20 perces erdei s\u00e9t\u00e1val.<\/p>\n\n\n\n<p>M\u00e1ri\u00e1cska K\u00e1ponk\u00e1ja<\/p>\n\n\n\n<p>A kis k\u00e1polna egy meszelt v\u00e1lyog \u00e9p\u00fclet, zsindellyel fedett s\u00e1tortet\u0151vel, tetej\u00e9n kereszttel. T\u00f6bb, mint 100 \u00e9ve \u00e1ll a Kacsapartnak nevezett r\u00e9szen a R\u00e1k\u00f3czi \u00faton. \u00dcvegablak\u00e1n \u00e1t l\u00e1tszik az \u00f6lt\u00f6ztetett M\u00e1ria-szobor. Mindig az egyh\u00e1zi (r\u00f3m.kat.) \u00fcnnepeknek megfelel\u0151 sz\u00edn\u0171 (pl.: P\u00fcnk\u00f6sdkor piros, Nagyb\u00f6jtben fekete, Adventkor lila) ruh\u00e1t ad r\u00e1 gondoz\u00f3n\u0151je D\u00e9ska J\u00e1nosn\u00e9 \u2013 B\u00f6ske n\u00e9ni.<\/p>\n\n\n\n<p>Varga J\u00e1nosn\u00e9 Kis Verona 1883 tel\u00e9n k\u00fcl\u00f6n\u00f6s \u00e1lmot l\u00e1tott. Meg\u00e1lmodta, hogy a ter\u00e9nyi templom padl\u00e1s\u00e1n ministr\u00e1ns l\u00e1d\u00e1ban egy \u00f6ssze\u00e9gett M\u00e1ria-szobor van. A Sz\u0171zanya arra k\u00e9rte \u0151t \u00e1lm\u00e1ban, hogy vigye el a szobr\u00e1t, ne dob\u00e1lj\u00e1k a padl\u00e1son ide-oda.<br>M\u00e1snap elmondta az \u00e1lm\u00e1t f\u00e9rj\u00e9nek \u00e9s ap\u00f3s\u00e1nak, akik a szobormaradv\u00e1ny val\u00f3ban megtal\u00e1lt\u00e1k a ter\u00e9nyi templomban. (A szandai templom 1927-ben \u00e9p\u00fclt.) Az akkori pl\u00e9b\u00e1nos, V\u00f6lgyi J\u00e1nos odaadta a szobrocsk\u00e1t \u00e9s a k\u00e9s\u0151bbiekben is t\u00e1mogatta a csal\u00e1d k\u00e1polna \u00e9p\u00edt\u00e9si terv\u00e9t.<\/p>\n\n\n\n<p>A v\u00e1ci p\u00fcsp\u00f6k 1891. december 2-\u00e1n enged\u00e9lyezte a k\u00e1polna fel\u00e1ll\u00edt\u00e1s\u00e1t 10 Ft alap\u00edt\u00e1si d\u00edj ellen\u00e9ben.<br>Egy asztalos v\u00e1llalta, hogy kijav\u00edtja a s\u00e9r\u00fclt M\u00e1ria-szobrot. A farag\u00f3 elk\u00e9sz\u00fclt, de v\u00e9letlen\u00fcl a jobb kez\u00e9re hat \u00fajjat k\u00e9sz\u00edtett, amit nem vettek \u00e9szre \u00e9s betett\u00e9k a szobrot a k\u00e1poln\u00e1csk\u00e1ba. M\u00e1snap emberek mentek arra, akik kasz\u00e1lni indultak. k\u00f6z\u00fcl\u00fck valakinek felt\u0171nt, hogy 11 \u00fajja van a M\u00e1ri\u00e1csk\u00e1nak. G\u00fanyosan mondta a t\u00f6bbieknek, hogy \u201ej\u00f3l fog tudni vele furuly\u00e1zni\u201d. A cs\u00fafol\u00f3d\u00f3 ember m\u00e9g aznap p\u00f3rul j\u00e1rt, lev\u00e1gta kasz\u00e1val az egyik \u00fajj\u00e1t.<\/p>\n\n\n\n<p>M\u00fazeumok, t\u00e1jh\u00e1zak, mint legf\u0151bb l\u00e1tnival\u00f3k Ter\u00e9nyben<\/p>\n\n\n\n<p>Hunnia Csipkem\u00fazeum<\/p>\n\n\n\n<p>Ha egy telep\u00fcl\u00e9snek vannak m\u00fazeumjai, alighanem azok vonzz\u00e1k a legt\u00f6bb l\u00e1togat\u00f3t. A Hunnia Csipkem\u00fazeum jelenleg az egyik legf\u0151bb l\u00e1tnival\u00f3ja Ter\u00e9nynek. Egyike Magyarorsz\u00e1g k\u00fcl\u00f6nleges m\u00fazeumjainak. Bemutat k\u00fcl\u00f6nb\u00f6z\u0151 magyar \u00e9s k\u00fclf\u00f6ldi csipkefajt\u00e1kat \u00e9s azok sok t\u00fcrelmet \u00e9s odafigyel\u00e9st ig\u00e9nyl\u0151 k\u00e9sz\u00edt\u00e9si m\u00f3dj\u00e1t. Egyedi programk\u00e9nt csod\u00e1latos csipk\u00e9s, renesz\u00e1nsz \u00fari ruh\u00e1kba \u00e9s a csipk\u00e9s paraszti viseletbe lehet \u00f6lt\u00f6zni \u00e9s azokban fot\u00f3zkodni.<\/p>\n\n\n\n<p>Gombam\u00fazeum<\/p>\n\n\n\n<p>A Gombam\u00fazem egy szenved\u00e9lyes gy\u0171jt\u0151nek a gombaforma ir\u00e1nti rajong\u00e1s\u00e1b\u00f3l sz\u00fcletett. A bemutatott t\u00e1rgyak, mind a gomb\u00e1khoz k\u00f6t\u0151dnek.<\/p>\n\n\n\n<p>Sok \u00e9ven kereszt\u00fcl az Ors\u00f3s Magn\u00f3 M\u00fazeum csalogatott ide sz\u00e1mos l\u00e1togat\u00f3t, m\u00e1ra azonban ez a m\u00fazeum elk\u00f6lt\u00f6z\u00f6tt Ter\u00e9nyb\u0151l.<\/p>\n\n\n\n<p>Egy mennyasszony staf\u00edrungja<\/p>\n\n\n\n<p>A paraszti kult\u00fara minden haszn\u00e1lati t\u00e1rgya \u00e9s viseleti darabja itt megtekinthet\u0151. A tulajdonos maga mes\u00e9l a t\u00e1rgyakhoz f\u0171z\u0151d\u0151 eml\u00e9keir\u0151l \u00e9s azok haszn\u00e1lat\u00e1r\u00f3l, szerep\u00e9r\u0151l. A gy\u0171jtem\u00e9ny egy t\u00f6rzsgy\u00f6keres ter\u00e9nyi csal\u00e1d, a harangoz\u00f3 dinasztia, mag\u00e1ngy\u0171jtem\u00e9nye.<\/p>\n\n\n\n<p>Szlov\u00e1k Nemzetis\u00e9gi T\u00e1jh\u00e1z<\/p>\n\n\n\n<p>A ter\u00e9nyi kov\u00e1cs lak\u00f3h\u00e1za \u00e9s m\u0171helye szolg\u00e1l ma t\u00e1jh\u00e1zk\u00e9nt. Itt nem csak a korabeli berendez\u00e9st \u00e9s egy szlov\u00e1k csal\u00e1d eml\u00e9keit \u00e9rdemes megn\u00e9zni, hanem a m\u0171hely k\u00f6rnyezet\u00e9t is. Hiszen a m\u0171hely mellett \u00e1ll egy egykori g\u00e9mesk\u00fat \u00e9s a kocsma is. Micsoda \u201eszolg\u00e1ltat\u00f3 k\u00f6zpont\u201d lehetett itt egykor! M\u00edg a kocsit jav\u00edtott\u00e1k, a lovat patkolt\u00e1k, itatt\u00e1k, a gazda sem maradt sz\u00e1razon.<\/p>\n\n\n\n<p>Templomok \u00e9s \u00e9p\u00fcletek, amik meghat\u00e1rozz\u00e1k Ter\u00e9ny egyedi l\u00e1tv\u00e1ny\u00e1t<\/p>\n\n\n\n<p>R\u00f3mai katolikus templom<\/p>\n\n\n\n<p>A Szent Andr\u00e1sr\u00f3l elnevezett templom k\u00f6z\u00e9pkori eredet\u0171. Ez Ter\u00e9ny egyetlen m\u0171eml\u00e9k \u00e9p\u00fclete. Gy\u00f6ny\u00f6r\u0171 bolt\u00edves karzata \u00e9s r\u00f3zsaablaka van. A hozz\u00e1 tartoz\u00f3 par\u00f3ki\u00e1t is sz\u00e9pen fel\u00faj\u00edtott\u00e1k. K\u00fcl\u00f6n\u00f6s vonzereje, hogy a mai napig is k\u00e9zzel h\u00fazz\u00e1k a harangjait. Ez a tev\u00e9kenys\u00e9g m\u00e1ra m\u00e1r N\u00f3g\u00e1rdikum d\u00edjat kapott. A harangoz\u00e1s minden d\u00e9li \u00e9s esti harangsz\u00f3n\u00e1l megtekinthet\u0151.<\/p>\n\n\n\n<p>Bogn\u00e1r H\u00e1z<\/p>\n\n\n\n<p>A Bogn\u00e1r H\u00e1z, a Fay-inn Csal\u00e1d k\u00f6zpontja. Az egykori bogn\u00e1rm\u0171hely eszk\u00f6zei, t\u00e1rgyai az udvaron l\u00e1that\u00f3ak. A sz\u00e9pen fel\u00faj\u00edtott \u00e9p\u00fcletben jelenleg falusi vend\u00e9gasztal szolg\u00e1ltat\u00e1s \u00e9s k\u00e1v\u00e9z\u00f3 m\u0171k\u00f6dik. Az itt k\u00e9sz\u00fclt kocsikerekek a f\u0151bej\u00e1rat ker\u00edt\u00e9s\u00e9nek \u00e9s kapuj\u00e1nak d\u00edszei lettek.<\/p>\n\n\n\n<p>Johannita H\u00e1z<\/p>\n\n\n\n<p>A Johannita H\u00e1z, a Johannita Seg\u00edt\u0151 Szolg\u00e1lat t\u00e1borhely\u00e9n \u00e1ll. A telken t\u00f6bb paraszth\u00e1z is fel\u00faj\u00edt\u00e1sra ker\u00fclt, illetve \u00fajak is \u00e9p\u00fcltek. \u00c9rdemes megfigyelni, hogy az \u00e9p\u00edt\u00e9szek \u00e9s mesterek, hogyan hoztak l\u00e9tre modern, izgalmas tereket a paraszth\u00e1z forma felhaszn\u00e1l\u00e1s\u00e1val. A k\u00e9t sz\u00e1ll\u00e1s\u00e9p\u00fcletet a paraszth\u00e1zak \u00edvesre kialak\u00edtott form\u00e1ja, a k\u00e9t hajl\u00e9k adja. K\u00f6z\u00f6ss\u00e9gi t\u00e9rk\u00e9nt pedig szint\u00e9n k\u00e9t paraszth\u00e1z l\u00e9pt\u00e9k\u0171 \u00e9p\u00fclet \u00f6sszemetsz\u00e9se szolg\u00e1l.<\/p>\n\n\n\n<p>Evang\u00e9likus templom<\/p>\n\n\n\n<p>K\u00e9t templom egy kicsi faluban, t\u00f6bb felekezet, t\u00f6bb nemzetis\u00e9g jelenl\u00e9t\u00e9re utal. Ter\u00e9nyben a szlov\u00e1k eredet\u0171 lakoss\u00e1g evang\u00e9likus vall\u00e1s\u00fa. A gy\u00fclekezet meg\u00fcnnepelte m\u00e1r a templom&nbsp; fenn\u00e1ll\u00e1s\u00e1nak 100. \u00e9vfordul\u00f3j\u00e1t. A vezet\u0151k k\u00f6z\u00f6tt ott tal\u00e1ljuk V\u00e1czi J\u00e1nos lelk\u00e9szt, aki feles\u00e9g\u00e9vel akt\u00edvan r\u00e9szt vett Kl\u00e9belsberg K\u00fano kulturpolitik\u00e1j\u00e1nak megfelel\u0151 n\u00e9pnevel\u00e9sben is. Egyh\u00e1zfel\u00fcgyel\u0151je pedig Sztranyavszky S\u00e1ndor johannita lovag volt.<\/p>\n\n\n\n<p>Sz\u00ednpadok<\/p>\n\n\n\n<p>Ter\u00e9ny t\u00f6bb sz\u00ednpaddal is b\u00fcszk\u00e9lkedhet, amik k\u00fcl\u00f6nb\u00f6z\u0151 rendezv\u00e9nyek, programok helysz\u00ednei. A legr\u00e9gebbit a Miksz\u00e1th K\u00e1lm\u00e1n utc\u00e1r\u00f3l le\u00e1gazva, egy ligetes erd\u0151ben tal\u00e1ljuk, ami a Nemzetis\u00e9gi Nap sz\u00edntere. \u00c1ll egy sz\u00ednpad a Sz\u0151l\u0151sor elej\u00e9n, a harangl\u00e1b m\u00f6g\u00f6tt. Egy, a t\u00e1jh\u00e1z udvar\u00e1n \u00e9s egy alkalmi sz\u00ednpad, a Gombam\u00fazeum kertj\u00e9ben, ami a Cserje-fesztnek ad otthont.<\/p>\n\n\n\n<p>Sz\u0151l\u0151sori paraszth\u00e1zak<\/p>\n\n\n\n<p>Sz\u0151l\u0151sor elnevez\u00e9ssel a Kossuth \u00fat elej\u00e9t illetik, ami a sz\u0151l\u0151m\u0171vel\u00e9sr\u0151l kapta a nev\u00e9t. Az 1900-as \u00e9vek elej\u00e9n \u00e9p\u00fclt paraszth\u00e1zsor, ma kiemelked\u0151en sz\u00e9p gy\u00f6ngysora Ter\u00e9nynek. Ugyanakkor a telep\u00fcl\u00e9sen m\u00e9g sz\u00e1mos helyen tal\u00e1lunk szebbn\u00e9l szebb paraszth\u00e1zakat, melyek mind helyi v\u00e9detts\u00e9get \u00e9lveznek.<\/p>\n\n\n\n<p>\u00c9rdemes megfigyelni a Sz\u0151l\u0151sor elej\u00e9n kimagasl\u00f3 \u00e9s st\u00edlus\u00e1ban elt\u00e9r\u0151 \u00e9p\u00fcletet, melyet a helyiek \u201ekiskast\u00e9lyk\u00e9nt\u201d is illetnek. Val\u00f3j\u00e1ban az egykori \u00e1llatorvos k\u00fari\u00e1ja, akit foglalkoz\u00e1sa \u00e9s jelleme r\u00e9v\u00e9n nagy tisztelet \u00f6vezett.<\/p>\n\n\n\n<p>Apr\u00f3 rejtett kincsek, amiket \u00e9rdemes Ter\u00e9ny l\u00e1tnival\u00f3i k\u00f6z\u00e9 sorolni<\/p>\n\n\n\n<p>Paraszth\u00e1zak oromd\u00edszei<\/p>\n\n\n\n<p>A jellegzetes pal\u00f3c kontyos paraszth\u00e1zak oromdeszk\u00e1zat\u00e1t k\u00fcl\u00f6nf\u00e9le d\u00edszek \u00e9kes\u00edtik. Nemcsak a fels\u0151 \u201eap\u00e1car\u00e1csot\u201d figyelhetj\u00fck meg, mely egykor a f\u00fcst kivezet\u00e9s\u00e9re szolg\u00e1lt vagy a faragott oroml\u00e9ceket, hanem az \u00e1tt\u00f6rt jelk\u00e9peket is. Ezekb\u0151l lehet megtudni, mikor \u00e9p\u00fclt a h\u00e1z, mikor lett fel\u00faj\u00edtva, kik voltak az \u00e9p\u00edttet\u0151k, tulajdonosok \u00e9s \u0151k milyen felekezethez tartoztak.<\/p>\n\n\n\n<p>Szoborf\u00fclk\u00e9k<\/p>\n\n\n\n<p>Jellegzetes homlokzati elemek az 1950-es, 60-as \u00e9vekben \u00e9p\u00fclt katolikus h\u00e1zakon az apr\u00f3 szoborf\u00fclk\u00e9k. A k\u00e9t, utc\u00e1ra n\u00e9z\u0151 ablak k\u00f6z\u00f6tt, kicsi bem\u00e9lyed\u00e9sben, k\u00f6r\u00fclbel\u00fcl 30 cm magas szobrokat tal\u00e1lunk, melyek \u00e1ltal\u00e1ban Sz\u0171z M\u00e1ri\u00e1t vagy J\u00e9zust \u00e1br\u00e1zolj\u00e1k.<\/p>\n\n\n\n<p>Padok<\/p>\n\n\n\n<p>M\u00edg az alf\u00f6ldi j\u00e1sz telep\u00fcl\u00e9seken, a h\u00e1zak el\u0151tt, l\u00f3k\u00f6t\u0151 korl\u00e1tokat tal\u00e1lunk, addig Ter\u00e9nyben k\u00e9tszem\u00e9lyes padok \u00e1llnak a h\u00e1zak kapui mellett. G\u00fanyosan nevezhetn\u00e9nk \u201epletykapadoknak\u201d is, val\u00f3j\u00e1ban a k\u00f6z\u00f6ss\u00e9g \u00f6sszetartoz\u00e1s\u00e1nak fontos eszk\u00f6zei, sz\u00ednterei voltak. Tal\u00e1lkoz\u00e1skor az emberek b\u00e1rhol le tudtak \u00fclni egy kis pihen\u00e9sre, besz\u00e9lget\u00e9sre. Ma is ezt a c\u00e9lt szolg\u00e1lj\u00e1k.<\/p>\n\n\n\n<p>Szobrok<\/p>\n\n\n\n<p>A Sz\u0151l\u0151sor elej\u00e9n, a szoborparkban, Csemniczky Zolt\u00e1n, H\u00edrviv\u0151 c\u00edm\u0171 vas angyal\u00e1t lehet l\u00e1tni. A k\u00f6zel\u00e9ben egy trianoni eml\u00e9km\u0171vet, egy csodaszarvast, majd az utca kisz\u00e9lesed\u00e9s\u00e9n\u00e9l, egy hatalmas sziklat\u00f6mb f\u00fclk\u00e9j\u00e9ben Szentgy\u00f6rgyi Albert mellszobr\u00e1t n\u00e9zhetik meg, mely P\u00e1rk\u00e1nyi<\/p>\n\n\n\n<p>Raab P\u00e9ter alkot\u00e1sa.<\/p>\n\n\n\n<p>Ulicsk\u00e1k \u00e9s kishidak<\/p>\n\n\n\n<p>Ha j\u00f3l megfigyelj\u00fck, Ter\u00e9nyt a Szanda patak, \u00e9s annak sz\u00e9les \u00e1rter\u00fclete szeli kett\u00e9. A h\u00e1zak m\u00e1r a dombosabb, magasabb oldalakon \u00e1llnak. A telep\u00fcl\u00e9st sz\u00e1mos \u00e1rok, v\u00edzfoly\u00e1s, gy\u0171jt\u0151meder szabdalja, melyeken apr\u00f3 gyaloghidak, sok esetben csak egy-egy pall\u00f3 \u00edvel \u00e1t. Az egyik ilyen hidacsk\u00e1t a katolikus templom melletti ulicska v\u00e9g\u00e9n tal\u00e1ljuk.<\/p>\n\n\n\n<p>Az ulicsk\u00e1k kis utc\u00e1csk\u00e1kat jelentenek, amik gyakran csak keskeny gyalogj\u00e1r\u00f3k. R\u00e9gebben a h\u00e1zak k\u00f6z\u00f6tt a f\u0151utc\u00e1kat is ulicsk\u00e1k k\u00f6t\u00f6tt\u00e9k \u00f6ssze, \u00edgy sz\u00e1mtalan helyen lehetet ler\u00f6vid\u00edteni a gyalogutat. Ma m\u00e1r ebb\u0151l kevesebbet tal\u00e1lunk \u00e9s csak az id\u0151sebbek tudj\u00e1k hol vannak \u00e9s haszn\u00e1lj\u00e1k is azokat.<\/p>\n\n\n\n<p>N\u00f3gr\u00e1d V\u00e1rmegyei l\u00e1tnival\u00f3k, programlehet\u0151s\u00e9gek<\/p>\n\n\n\n<p>Katalinpusztai kir\u00e1ndul\u00f3k\u00f6zpont<\/p>\n\n\n\n<p>Sz\u00e9pen karbantartott, rendezett k\u00f6rnyezetben kisebb \u00e9s nagyobb t\u00faralehet\u0151s\u00e9geket tal\u00e1lnak. Eg\u00e9sz kicsi gyerekekkel is \u00e9rdemes ell\u00e1togatni ide. Hatalmas j\u00e1tsz\u00f3t\u00e9r, pikknikez\u0151 helyek, interakt\u00edv ki\u00e1ll\u00edt\u00e1s, mini vadaspark v\u00e1rja a l\u00e1togat\u00f3kat.<\/p>\n\n\n\n<p>A term\u00e9szet rejtelmeibe izgalmas m\u00f3don vezetik be a gyerekeket. Felsz\u00e1lhatunk egy minivas\u00fatra, a hangyavas\u00fatra is, mely a gyerekek sz\u00e1m\u00e1ra megunhatatlan. Igazi n\u00f3gr\u00e1di t\u00e1jra tal\u00e1lunk itt, a s\u00edks\u00e1g \u00e9s a dombok v\u00e1ltakoz\u00e1s\u00e1ra. Az itt halad\u00f3 t\u00fara\u00fatvonalak, az \u00f3vod\u00e1s kor\u00faakt\u00f3l a nyugd\u00edjasokig teljes\u00edthet\u0151k.<\/p>\n\n\n\n<p>Egy\u00e9b l\u00e1tnival\u00f3k:<\/p>\n\n\n\n<p>Gyadai-tan\u00f6sv\u00e9ny f\u00fcgg\u0151h\u00edddal<\/p>\n\n\n\n<p>Nasz\u00e1ly cs\u00facs<\/p>\n\n\n\n<p>L\u00e1t\u00f3-hegyi kil\u00e1t\u00f3<\/p>\n\n\n\n<p>Orbitrex pumpap\u00e1lya, j\u00e1tsz\u00f3t\u00e9r<\/p>\n\n\n\n<p>N\u00f3gr\u00e1di vadaspark gyerekekkel<\/p>\n\n\n\n<p>A park megl\u00e1togat\u00e1s\u00e1hoz be kell jelentkezni. Az itt szerzett \u00e9lm\u00e9nyeket nem lehet le\u00edrni vagy lefot\u00f3zni csak \u00e1t\u00e9lni. \u00c9s minden l\u00e1togat\u00e1s m\u00e1s \u00e9s m\u00e1s meglepet\u00e9st ny\u00fajt.<\/p>\n\n\n\n<p>A vadak hatalmas ter\u00fcleten \u00e9lnek, nagyon magas egyedsz\u00e1mban, teljesen term\u00e9szetes k\u00f6rnyezetben. Nincsenek kifut\u00f3k. L\u00e1togat\u00e1sukra az etet\u00e9si id\u0151pontok adnak lehet\u0151s\u00e9get. A l\u00e1togat\u00f3k ker\u00fclnek \u201eketrecbe\u201d, azaz p\u00f3tkocsikra \u00e9s innen figyelhetik meg, p\u00e1r m\u00e9teres t\u00e1vols\u00e1gb\u00f3l, az erd\u0151b\u0151l el\u0151j\u00f6v\u0151 \u00e1llatokat. Szakk\u00e9pzett k\u00eds\u00e9r\u0151 avat be a vadak \u00e9let\u00e9be, szok\u00e1saiba, n\u00e9melyiknek szem\u00e9lyes t\u00f6rt\u00e9net\u00e9be.<\/p>\n\n\n\n<p>K\u00f6zeli l\u00e1tnival\u00f3k:<\/p>\n\n\n\n<p>N\u00f3gr\u00e1d v\u00e1ra<\/p>\n\n\n\n<p>Seholsziget kalandpark \u2013 N\u0151tincs<\/p>\n\n\n\n<p>Dr\u00e9gelypal\u00e1nk &#8211; Apr\u00f3dok \u00fatja<\/p>\n\n\n\n<p>Dr\u00e9gely v\u00e1r\u00e1nak legnagyobb vonzereje a t\u00f6rt\u00e9nete, ahol a gyermekek \u201evit\u00e9zs\u00e9gr\u0151l \u00e9s embers\u00e9gr\u0151l\u201d j\u00f3 p\u00e9ld\u00e1t kaphatnak. A t\u00f6rt\u00e9netet feleleven\u00edti a v\u00e1r fel\u00e9, az Apr\u00f3dok \u00fatja tan\u00f6sv\u00e9ny \u00e9s a faluban, a Szondi Ki\u00e1ll\u00edt\u00f3t\u00e9r \u00e9s Turisztikai K\u00f6zpont.<\/p>\n\n\n\n<p>A v\u00e1r h\u0151s v\u00e9d\u0151je \u00e9s v\u00e1rkapit\u00e1nya Szondi Gy\u00f6rgy sosem adta \u00e1t a v\u00e1rat a t\u00f6r\u00f6k\u00f6knek. A kapit\u00e1ny \u00e9s az emberei a v\u00e9gs\u0151kig kitartottak, csak k\u00e9t apr\u00f3dja maradt \u00e9letben, akiket Ali pasa gondjaira b\u00edzott. \u00c9rdemes a t\u00f6rt\u00e9netet, az \u00e9vente megrendez\u00e9sre ker\u00fcl\u0151 v\u00e1rj\u00e1t\u00e9kok alkalm\u00e1val megismerni, \u00e1t\u00e9lni, elj\u00e1tszani.<\/p>\n\n\n\n<p>A k\u00f6rny\u00e9k tov\u00e1bbi l\u00e1tnival\u00f3i:<\/p>\n\n\n\n<p>Szondi Gy\u00f6rgy szarkof\u00e1gja<\/p>\n\n\n\n<p>Az Ipoly szab\u00e1lyozatlan \u00e1rter\u00fclete mad\u00e1rmegfigyel\u0151 helyekkel<\/p>\n\n\n\n<p>Gyalogos fah\u00edd Dr\u00e9gelypal\u00e1nk \u00e9s Ipolyh\u00eddv\u00e9g k\u00f6z\u00f6tt<\/p>\n\n\n\n<p>Ipolyvecei f\u00fcgg\u0151h\u00edd<\/p>\n\n\n\n<p>P\u00e1skom ligeti tan\u00f6sv\u00e9ny<\/p>\n\n\n\n<p>Ny\u00edrjesi F\u00fcv\u00e9szkert \u00e9s Vadaspark<\/p>\n\n\n\n<p>Eg\u00e9sz napos program az eg\u00e9sz csal\u00e1dnak. A v\u00e1roson k\u00edv\u00fcl helyezkedik el, a ny\u00edrjesi tavak fel\u00e9. Felkeres\u00e9sekor a t\u00e1bl\u00e1kat \u00e9rdemes figyelni, k\u00f6vetni.<\/p>\n\n\n\n<p>A nagy kiterjed\u00e9s\u0171, 37 hekt\u00e1ros ter\u00fcletet, s\u00e9ta\u00f6sv\u00e9nyek szelik kereszt\u00fcl. Az \u00e1llatok term\u00e9szetes k\u00f6rnyezetben l\u00e1that\u00f3ak, bar\u00e1ts\u00e1gosak, \u00e9s a zoo csemege a bel\u00e9p\u0151jegy mell\u00e9 j\u00e1r.&nbsp; A szem\u00e9lyzet kedvesen \u00e9s szakmailag felk\u00e9sz\u00fclten mutatja be a helyet. A gyerekeket nagy j\u00e1tsz\u00f3t\u00e9r is v\u00e1rja.<\/p>\n\n\n\n<p>Minden \u00e9vszakban \u00e9rdemes megl\u00e1togatni, hiszen ez a nyugalom szigete.<\/p>\n\n\n\n<p>Tov\u00e1bbi l\u00e1tnival\u00f3k a k\u00f6zelben:<\/p>\n\n\n\n<p>Ker\u00e9kp\u00e1rm\u00fazeum<\/p>\n\n\n\n<p>Pannonia Motor M\u00fazeum<\/p>\n\n\n\n<p>Pal\u00f3c M\u00fazeum \u00e9s Skanzen<\/p>\n\n\n\n<p>Ny\u00edrjesi tavak \u2013 szabadstrad<\/p>\n\n\n\n<p>Ipolytarn\u00f3ci \u0151smaradv\u00e1nyok<\/p>\n\n\n\n<p>Ipolytarn\u00f3con t\u00f6bb milli\u00f3 \u00e9vvel ezel\u0151tt egy vulk\u00e1nkit\u00f6r\u00e9s hamuval bor\u00edtotta el \u00e9s \u00edgy konzerv\u00e1lta azoknak az \u0151sl\u00e9nyeknek a l\u00e1bnyomait, amik inni j\u00e1rtak le a Bor\u00f3k\u00e1s patak medr\u00e9hez. Ez az \u0151sl\u00e1bnyomos ter\u00fclet l\u00e1togathat\u00f3 ma, ahol megismerhetj\u00fck az \u0151si \u00e1llat \u00e9s n\u00f6v\u00e9nyvil\u00e1got.<\/p>\n\n\n\n<p>Szakvezet\u00e9ssel l\u00e1togathat\u00f3 a Bor\u00f3k\u00e1s patak medre, de m\u00e9g sz\u00e1mos r\u00f6videbb \u00e9s hosszabb t\u00fara\u00fatvonal j\u00e1rhat\u00f3 be a ter\u00fcleten, kil\u00e1t\u00f3pontokkal \u00e9s pihen\u0151helyekkel f\u0171szerezve.<\/p>\n\n\n\n<p>Az \u00e9lm\u00e9nyeket egy geol\u00f3giai tan\u00f6sv\u00e9ny \u00e9s egy 4D-s mozi eg\u00e9sz\u00edti ki, ahol a vulk\u00e1ni katasztr\u00f3f\u00e1t \u00e9s az \u0151si \u00e9letet mutatj\u00e1k be.<\/p>\n\n\n\n<p>A parkban j\u00e1tsz\u00f3t\u00e9r \u00e9s lombkorona s\u00e9t\u00e1ny is v\u00e1rja a gyermekeket.<\/p>\n\n\n\n<p>K\u00f6zeli l\u00e1tnival\u00f3k m\u00e9g:<\/p>\n\n\n\n<p>R\u00e1r\u00f3s Szabadid\u0151park<\/p>\n\n\n\n<p>Pal\u00f3c Grand Canyon<\/p>\n\n\n\n<p>Szentk\u00fati remetebarlangok<\/p>\n\n\n\n<p>A M\u00e1travereb\u00e9ly-Szentk\u00fati kegyhely fontos vall\u00e1si helysz\u00edne a pal\u00f3cs\u00e1gnak. Forr\u00e1s\u00e1hoz f\u0171z\u0151d\u0151 legenda szerint vize gy\u00f3gy\u00edt\u00f3 er\u0151vel rendelkezik. De m\u00e9g ha nem is gy\u00f3gyul\u00e1s\u00e9rt keress\u00fck fel, kijelenthet\u0151, hogy a megye legjobb \u00edz\u0171 forr\u00e1svize itt k\u00f3stolhat\u00f3.<\/p>\n\n\n\n<p>Csod\u00e1latos term\u00e9szeti k\u00f6rnyezetben fekszik \u00e9s sz\u00e1mos t\u00fara\u00fatvonal veszi k\u00f6r\u00fcl. A Szent L\u00e1szl\u00f3 hasad\u00e9kban a kir\u00e1ly lov\u00e1nak patk\u00f3nyom\u00e1t fedezhetj\u00fck fel egy szikl\u00e1n. A szent forr\u00e1sokn\u00e1l Szent Imre, Szent Istv\u00e1n, Sz\u0171z M\u00e1ria \u00e9s a Szenth\u00e1roms\u00e1g forr\u00e1sok viz\u00e9t k\u00f3stolhatjuk.<\/p>\n\n\n\n<p>A barlanglak\u00e1sokban 500 \u00e9ven kereszt\u00fcl \u00e9ltek remet\u00e9k. \u201eB\u00e1rcsak a falak mes\u00e9lni tudn\u00e1nak\u201d \u00e9rz\u00e9s ker\u00edti hatalm\u00e1ba az ember. A barlangok nem mindennapi kialak\u00edt\u00e1s\u00faak. \u00c9rdemes v\u00e1llalni a kisebb kaptat\u00f3t a felkeres\u00e9s\u00fckh\u00f6z.<\/p>\n\n\n\n<p>Tov\u00e1bbi l\u00e1tnival\u00f3k a k\u00f6rny\u00e9ken:<\/p>\n\n\n\n<p>Buddha park- Tar<\/p>\n\n\n\n<p>Kaz\u00e1ri tufadombok<\/p>\n\n\n\n<p>Majk\u00e1sz- v\u00f6lgyi tufak\u00e9pz\u0151dm\u00e9ny<\/p>\n\n\n\n<p>Salg\u00f3 v\u00e1ra \u00e9s a Somosk\u0151i v\u00e1r<\/p>\n\n\n\n<p>B\u00e1nyam\u00fazeum \u2013 Salg\u00f3tarj\u00e1n<\/p>\n<\/blockquote>\n","protected":false},"excerpt":{"rendered":"<p>Szanda l\u00e1tnival\u00f3i Szanda v\u00e1r romjai A Cserh\u00e1t 529 m\u00e9ter magas vulk\u00e1ni cs\u00facs\u00e1n fekszik Szandav\u00e1r romja. A v\u00e1r legr\u00e9gibb r\u00e9sze a 13. sz\u00e1zad v\u00e9g\u00e9n \u00e9p\u00fclt, k\u00fcls\u0151 falai a 15-16. sz\u00e1zadban. 1460-ban Sz\u00e9cs\u00e9nyi L\u00e1szl\u00f3 v\u00e9res csat\u00e1t v\u00edvott itt a csehekkel. A csat\u00e1ban kev\u00e9s cseh katona maradt \u00e9letben, sokukat rabl\u00e1ncra vertek, hadi eszk\u00f6zeiket elvett\u00e9k t\u0151l\u00fck. 1546 t\u00e1j\u00e1n a [&hellip;]<\/p>\n","protected":false},"author":1,"featured_media":317,"parent":0,"menu_order":0,"comment_status":"closed","ping_status":"closed","template":"","meta":{"footnotes":""},"class_list":["post-64","page","type-page","status-publish","has-post-thumbnail","hentry"],"_links":{"self":[{"href":"https:\/\/okkalboho.hu\/index.php?rest_route=\/wp\/v2\/pages\/64","targetHints":{"allow":["GET"]}}],"collection":[{"href":"https:\/\/okkalboho.hu\/index.php?rest_route=\/wp\/v2\/pages"}],"about":[{"href":"https:\/\/okkalboho.hu\/index.php?rest_route=\/wp\/v2\/types\/page"}],"author":[{"embeddable":true,"href":"https:\/\/okkalboho.hu\/index.php?rest_route=\/wp\/v2\/users\/1"}],"replies":[{"embeddable":true,"href":"https:\/\/okkalboho.hu\/index.php?rest_route=%2Fwp%2Fv2%2Fcomments&post=64"}],"version-history":[{"count":2,"href":"https:\/\/okkalboho.hu\/index.php?rest_route=\/wp\/v2\/pages\/64\/revisions"}],"predecessor-version":[{"id":395,"href":"https:\/\/okkalboho.hu\/index.php?rest_route=\/wp\/v2\/pages\/64\/revisions\/395"}],"wp:featuredmedia":[{"embeddable":true,"href":"https:\/\/okkalboho.hu\/index.php?rest_route=\/wp\/v2\/media\/317"}],"wp:attachment":[{"href":"https:\/\/okkalboho.hu\/index.php?rest_route=%2Fwp%2Fv2%2Fmedia&parent=64"}],"curies":[{"name":"wp","href":"https:\/\/api.w.org\/{rel}","templated":true}]}}