{"id":63,"date":"2024-06-17T08:51:07","date_gmt":"2024-06-17T08:51:07","guid":{"rendered":"https:\/\/okkalboho.hu\/?page_id=63"},"modified":"2024-08-12T13:57:34","modified_gmt":"2024-08-12T13:57:34","slug":"kapcsolat","status":"publish","type":"page","link":"https:\/\/okkalboho.hu\/?page_id=63","title":{"rendered":"Kapcsolat"},"content":{"rendered":"\n<blockquote class=\"wp-block-quote is-style-default has-custom-sz-n-1-color has-text-color has-background has-link-color wp-elements-f75e3d517780b6f27faee29831771110 is-layout-flow wp-container-core-quote-is-layout-e3d1c41b wp-block-quote-is-layout-flow\" style=\"background-color:#814e07\">\n<p class=\"has-text-align-center has-x-large-font-size\">Szabolcs \u00c9va<\/p>\n\n\n\n<p class=\"has-text-align-center has-large-font-size\">2697 Szanda, Pet\u0151fi u. 2.<\/p>\n\n\n\n<p class=\"has-text-align-center has-large-font-size\">+36-70\/251-29-80<\/p>\n\n\n\n<div style=\"height:42px\" aria-hidden=\"true\" class=\"wp-block-spacer\"><\/div>\n\n\n\n<div align=\"center\"><iframe src=\"https:\/\/www.google.com\/maps\/embed?pb=!1m18!1m12!1m3!1d2673.501613845309!2d19.442826900000004!3d47.9266801!2m3!1f0!2f0!3f0!3m2!1i1024!2i768!4f13.1!3m3!1m2!1s0x47403bffae41e199%3A0x7b870fb2a6c2f99b!2zT2trYWwgQm9ow7MgVmVuZMOpZ2jDoXo!5e0!3m2!1shu!2shu!4v1723382872926!5m2!1shu!2shu\" width=\"800\" height=\"600\" style=\"border:0;\" allowfullscreen=\"\" loading=\"lazy\" referrerpolicy=\"no-referrer-when-downgrade\"><\/iframe><\/div>\n\n\n\n<div style=\"height:51px\" aria-hidden=\"true\" class=\"wp-block-spacer\"><\/div>\n\n\n<pre class=\"ti-widget\" style=\"display: none\"><div class=\"ti-widget ti-goog ti-review-text-mode-readmore ti-text-align-left\" data-no-translation=\"true\" data-layout-id=\"31\" data-set-id=\"ligth-border\" data-pid=\"\" data-column-vertical-separate=\"1\" data-review-target-width=\"300\" data-language=\"hu\" > <div class=\"ti-widget-container ti-col-3\"> <div class=\"ti-reviews-container\"> <div class=\"ti-reviews-container-wrapper\">  <div data-empty=\"0\" class=\"ti-review-item source-Google\" data-index=\"0\" > <div class=\"ti-inner\"> <div class=\"ti-review-header\"> <div class=\"ti-profile-img\"> <img decoding=\"async\" src=\"https:\/\/lh3.googleusercontent.com\/a-\/ALV-UjU2vTSu35cgA0Ai1f4I6-7QlamcRkNwNww-AM5nNS1IqDpg0OnJ=s120-c-rp-mo-ba3-br100\" alt=\"Joseph Banicz\" \/> <\/div> <div class=\"ti-profile-details\"> <div class=\"ti-name\"> Joseph Banicz <\/div> <div class=\"ti-date\">2024-08-08<\/div> <\/div> <\/div> <span class=\"ti-stars\"><span class=\"ti-star f\"><\/span><span class=\"ti-star f\"><\/span><span class=\"ti-star f\"><\/span><span class=\"ti-star f\"><\/span><span class=\"ti-star f\"><\/span><\/span> <div class=\"ti-review-content\"> <div class=\"ti-review-text-container ti-inner\"><!-- R-CONTENT -->Ez a hely egy abszol\u00fat gy\u00f6ngyszem, leny\u0171g\u00f6z\u0151 k\u00f6rnyezetben. A t\u00far\u00e1z\u00e1si lehet\u0151s\u00e9gek hihetetlenek, maga a h\u00e1z pedig gy\u00f6ny\u00f6r\u0171en fel van szerelve mindennel, amire csak sz\u00fcks\u00e9ge lehet. Nagyon aj\u00e1nlom mindenkinek, aki t\u00f6k\u00e9letes kikapcsol\u00f3d\u00e1sra v\u00e1gyik.<!-- R-CONTENT --><\/div> <span class=\"ti-read-more\" data-container=\".ti-review-content .ti-inner\" data-collapse-text=\"Elrejt\" data-open-text=\"Olvass tov\u00e1bb\" ><\/span> <\/div> <\/div> <\/div>  <div data-empty=\"0\" class=\"ti-review-item source-Google\" data-index=\"0\" > <div class=\"ti-inner\"> <div class=\"ti-review-header\"> <div class=\"ti-profile-img\"> <img decoding=\"async\" src=\"https:\/\/lh3.googleusercontent.com\/a\/ACg8ocKNnCMeHOS2tBnpB5q2bK3gzzY85aLglxiG_s9Wb9OpG_EpeA=s120-c-rp-mo-br100\" alt=\"G\u00e1bor Sebesty\u00e9n\" \/> <\/div> <div class=\"ti-profile-details\"> <div class=\"ti-name\"> G\u00e1bor Sebesty\u00e9n <\/div> <div class=\"ti-date\">2024-08-08<\/div> <\/div> <\/div> <span class=\"ti-stars\"><span class=\"ti-star f\"><\/span><span class=\"ti-star f\"><\/span><span class=\"ti-star f\"><\/span><span class=\"ti-star f\"><\/span><span class=\"ti-star f\"><\/span><\/span> <div class=\"ti-review-content\"> <div class=\"ti-review-text-container ti-inner\"><!-- R-CONTENT -->Rulez<!-- R-CONTENT --><\/div> <span class=\"ti-read-more\" data-container=\".ti-review-content .ti-inner\" data-collapse-text=\"Elrejt\" data-open-text=\"Olvass tov\u00e1bb\" ><\/span> <\/div> <\/div> <\/div>  <div data-empty=\"0\" class=\"ti-review-item source-Google\" data-index=\"0\" > <div class=\"ti-inner\"> <div class=\"ti-review-header\"> <div class=\"ti-profile-img\"> <img decoding=\"async\" src=\"https:\/\/lh3.googleusercontent.com\/a\/ACg8ocLtlHefbVq9l25JKDhApVRf0BJwDy_P-s2r0qtF2G62xpVi7Q=s120-c-rp-mo-ba3-br100\" alt=\"San Pedro\" \/> <\/div> <div class=\"ti-profile-details\"> <div class=\"ti-name\"> San Pedro <\/div> <div class=\"ti-date\">2024-08-08<\/div> <\/div> <\/div> <span class=\"ti-stars\"><span class=\"ti-star f\"><\/span><span class=\"ti-star f\"><\/span><span class=\"ti-star f\"><\/span><span class=\"ti-star f\"><\/span><span class=\"ti-star f\"><\/span><\/span> <div class=\"ti-review-content\"> <div class=\"ti-review-text-container ti-inner\"><!-- R-CONTENT -->Kiv\u00e1l\u00f3an felszerelt, nagyon hangulatos vend\u00e9gh\u00e1z. K\u00fclt\u00e9ri konyha is van, ami a k\u00f6z\u00f6s f\u0151z\u00e9sekhez remek.<!-- R-CONTENT --><\/div> <span class=\"ti-read-more\" data-container=\".ti-review-content .ti-inner\" data-collapse-text=\"Elrejt\" data-open-text=\"Olvass tov\u00e1bb\" ><\/span> <\/div> <\/div> <\/div>  <div data-empty=\"0\" class=\"ti-review-item source-Google\" data-index=\"0\" > <div class=\"ti-inner\"> <div class=\"ti-review-header\"> <div class=\"ti-profile-img\"> <img decoding=\"async\" src=\"https:\/\/lh3.googleusercontent.com\/a\/ACg8ocJ2qRwgn1rCRbkZLFed5AUiE9u0w7H5ItfpYYH3RY8pDxqtkg=s120-c-rp-mo-br100\" alt=\"Geri Lien\" \/> <\/div> <div class=\"ti-profile-details\"> <div class=\"ti-name\"> Geri Lien <\/div> <div class=\"ti-date\">2024-08-08<\/div> <\/div> <\/div> <span class=\"ti-stars\"><span class=\"ti-star f\"><\/span><span class=\"ti-star f\"><\/span><span class=\"ti-star f\"><\/span><span class=\"ti-star f\"><\/span><span class=\"ti-star f\"><\/span><\/span> <div class=\"ti-review-content\"> <div class=\"ti-review-text-container ti-inner\"><!-- R-CONTENT -->Szuper, csendes, otthonos h\u00e1z, \u00edzl\u00e9sesen berendezve.<!-- R-CONTENT --><\/div> <span class=\"ti-read-more\" data-container=\".ti-review-content .ti-inner\" data-collapse-text=\"Elrejt\" data-open-text=\"Olvass tov\u00e1bb\" ><\/span> <\/div> <\/div> <\/div>  <div data-empty=\"0\" class=\"ti-review-item source-Google\" data-index=\"0\" > <div class=\"ti-inner\"> <div class=\"ti-review-header\"> <div class=\"ti-profile-img\"> <img decoding=\"async\" src=\"https:\/\/lh3.googleusercontent.com\/a\/ACg8ocKg3ei6rl_0AYhQzMjc6_Q_eW2-l2SEGsxtj4y3Ougbpw_Fvg=s120-c-rp-mo-br100\" alt=\"Ferenc Horv\u00e1th\" \/> <\/div> <div class=\"ti-profile-details\"> <div class=\"ti-name\"> Ferenc Horv\u00e1th <\/div> <div class=\"ti-date\">2024-08-08<\/div> <\/div> <\/div> <span class=\"ti-stars\"><span class=\"ti-star f\"><\/span><span class=\"ti-star f\"><\/span><span class=\"ti-star f\"><\/span><span class=\"ti-star f\"><\/span><span class=\"ti-star f\"><\/span><\/span> <div class=\"ti-review-content\"> <div class=\"ti-review-text-container ti-inner\"><!-- R-CONTENT -->Szuper!!!<!-- R-CONTENT --><\/div> <span class=\"ti-read-more\" data-container=\".ti-review-content .ti-inner\" data-collapse-text=\"Elrejt\" data-open-text=\"Olvass tov\u00e1bb\" ><\/span> <\/div> <\/div> <\/div>  <div data-empty=\"0\" class=\"ti-review-item source-Google\" data-index=\"0\" > <div class=\"ti-inner\"> <div class=\"ti-review-header\"> <div class=\"ti-profile-img\"> <img decoding=\"async\" src=\"https:\/\/lh3.googleusercontent.com\/a\/ACg8ocIg6QFxI9uoCuC46eZAZZwX2-EmFngit5xOyRYPF6Jwih9qqg=s120-c-rp-mo-br100\" alt=\"zfaludi\" \/> <\/div> <div class=\"ti-profile-details\"> <div class=\"ti-name\"> zfaludi <\/div> <div class=\"ti-date\">2024-08-08<\/div> <\/div> <\/div> <span class=\"ti-stars\"><span class=\"ti-star f\"><\/span><span class=\"ti-star f\"><\/span><span class=\"ti-star f\"><\/span><span class=\"ti-star f\"><\/span><span class=\"ti-star f\"><\/span><\/span> <div class=\"ti-review-content\"> <div class=\"ti-review-text-container ti-inner\"><!-- R-CONTENT -->Eddig h\u00e1rom alkalommal l\u00e1togattam el a bar\u00e1taimmal Szand\u00e1ra \u00e9s mindh\u00e1rom alkalommal itt sz\u00e1lltunk meg. A h\u00e1z nagyon j\u00f3l felszerelt, minden rendelkez\u00e9sre \u00e1ll, ami a mindennapi \u00e9lethez sz\u00fcks\u00e9ges, s\u0151t m\u00e9g t\u00f6bb is (szauna, csocs\u00f3asztal). A h\u00e1z fekv\u00e9se kifejezetten j\u00f3. K\u00f6r\u00fclbel\u00fcl 400 m\u00e9terre van a bolt, az aut\u00f3busz \u00e1llom\u00e1s \u00e9s \u00e9s a helyi ag\u00f3ra (kocsma) is. \ud83d\ude09\n\nAki szeretne megszabadulni a v\u00e1ros zaj\u00e1t\u00f3l, itt nyugodtan megteheti. T\u00e9nyleg csend van, az erd\u0151 pedig karny\u00fajt\u00e1snyira fekszik. Nyugod sz\u00edvvel aj\u00e0nlom mindenkinek a kikapcsol\u00f3d\u00e1sra, pihen\u00e9sre v\u00e1gy\u00f3knak.\n\nA tulajdonosok is nagyon kedvesek \u00e9s laz\u00e0k. Minden alkalommal pozit\u00edv \u00e9lm\u00e9nyekkel gazdagodtam.<!-- R-CONTENT --><\/div> <span class=\"ti-read-more\" data-container=\".ti-review-content .ti-inner\" data-collapse-text=\"Elrejt\" data-open-text=\"Olvass tov\u00e1bb\" ><\/span> <\/div> <\/div> <\/div>  <\/div> <\/div> <div class=\"ti-load-more-reviews-container\"> <div class=\"ti-load-more-reviews-button\" style=\"display: none\">T\u00f6bb bet\u00f6lt\u00e9se<\/div> <\/div>  <\/div> <\/div> <\/pre>\n<\/blockquote>\n\n\n\n<p><\/p>\n","protected":false},"excerpt":{"rendered":"","protected":false},"author":1,"featured_media":310,"parent":0,"menu_order":0,"comment_status":"closed","ping_status":"closed","template":"","meta":{"footnotes":""},"class_list":["post-63","page","type-page","status-publish","has-post-thumbnail","hentry"],"_links":{"self":[{"href":"https:\/\/okkalboho.hu\/index.php?rest_route=\/wp\/v2\/pages\/63","targetHints":{"allow":["GET"]}}],"collection":[{"href":"https:\/\/okkalboho.hu\/index.php?rest_route=\/wp\/v2\/pages"}],"about":[{"href":"https:\/\/okkalboho.hu\/index.php?rest_route=\/wp\/v2\/types\/page"}],"author":[{"embeddable":true,"href":"https:\/\/okkalboho.hu\/index.php?rest_route=\/wp\/v2\/users\/1"}],"replies":[{"embeddable":true,"href":"https:\/\/okkalboho.hu\/index.php?rest_route=%2Fwp%2Fv2%2Fcomments&post=63"}],"version-history":[{"count":15,"href":"https:\/\/okkalboho.hu\/index.php?rest_route=\/wp\/v2\/pages\/63\/revisions"}],"predecessor-version":[{"id":505,"href":"https:\/\/okkalboho.hu\/index.php?rest_route=\/wp\/v2\/pages\/63\/revisions\/505"}],"wp:featuredmedia":[{"embeddable":true,"href":"https:\/\/okkalboho.hu\/index.php?rest_route=\/wp\/v2\/media\/310"}],"wp:attachment":[{"href":"https:\/\/okkalboho.hu\/index.php?rest_route=%2Fwp%2Fv2%2Fmedia&parent=63"}],"curies":[{"name":"wp","href":"https:\/\/api.w.org\/{rel}","templated":true}]}}