{"id":61,"date":"2024-06-17T08:19:17","date_gmt":"2024-06-17T08:19:17","guid":{"rendered":"https:\/\/okkalboho.hu\/?page_id=61"},"modified":"2024-06-17T08:19:17","modified_gmt":"2024-06-17T08:19:17","slug":"szolgaltatasok","status":"publish","type":"page","link":"https:\/\/okkalboho.hu\/?page_id=61","title":{"rendered":"Szolg\u00e1ltat\u00e1sok"},"content":{"rendered":"\n<blockquote class=\"wp-block-quote is-style-default has-custom-sz-n-1-color has-text-color has-background has-link-color wp-elements-56d6fb3da39772118c20d06194508f74 is-layout-flow wp-container-core-quote-is-layout-e3d1c41b wp-block-quote-is-layout-flow\" style=\"background-color:#814e07\">\n<p>Szaunahaszn\u00e1lat<\/p>\n\n\n\n<p>Bek\u00e9sz\u00edt\u00e9s<\/p>\n\n\n\n<p>Mivel a falu apr\u00f3cska \u00e9s t\u00e1vol esik mindent\u0151l a bev\u00e1s\u00e1rl\u00e1s nehez\u00edtett. H\u00e9tk\u00f6znaponk\u00e9nt a helyi boltocska 16:00-ig, szombaton 11:00-ig van nyitva. Alap dolgokat lehet kapni, de k\u00f6zel sincs akkora v\u00e1laszt\u00e9k, mint ak\u00e1r egy v\u00e1rosi \u00e9jjel-nappaliban.<\/p>\n\n\n\n<p>A legk\u00f6zelebbi szupermarket Balassagyarmaton van, kb f\u00e9l \u00f3r\u00e1s aut\u00f3\u00fatra.<\/p>\n\n\n\n<p>Javasoljuk, hogy ink\u00e1bb hozz\u00e1tok magatokkal, amit terveztek enni \u00e9s f\u0151zni, mivel k\u00f6zel s t\u00e1vol \u00e9tterem sincs.<\/p>\n\n\n\n<p>VAGY<\/p>\n\n\n\n<p>Rendelj\u00e9tek meg gourmet bek\u00e9sz\u00edt\u00e9s\u00fcnket. Az allergi\u00e1kra, \u00e9telintoleranci\u00e1ra \u00e9s sima preferenci\u00e1kra r\u00e1k\u00e9rdezve elint\u00e9zz\u00fck a bev\u00e1s\u00e1rl\u00e1st \u00e9s mire meg\u00e9rkeztek m\u00e1r mindent sz\u00e9pen elrendez\u00fcnk a konyh\u00e1ban. Ahol lehet, j\u00f3 min\u0151s\u00e9g\u0171 helyi termel\u0151kt\u0151l szerezz\u00fck be az alapanyagot.<\/p>\n\n\n\n<p>F\u0151z\u00e9shez, grillez\u00e9shez, reggeliz\u00e9shez, kir\u00e1ndul\u00e1shoz egyar\u00e1nt rendelhettek t\u0151l\u00fcnk, beszerezz\u00fck.<\/p>\n\n\n\n<p>Tov\u00e1bb\u00e1 ig\u00e9ny eset\u00e9n priv\u00e1t s\u00e9f szolg\u00e1ltat\u00e1ssal is \u00e1llunk rendelkez\u00e9sre. Megf\u0151z\u00f6m helyetted vagy meg is tan\u00edtalak r\u00e1.<a><\/a><\/p>\n<\/blockquote>\n","protected":false},"excerpt":{"rendered":"<p>Szaunahaszn\u00e1lat Bek\u00e9sz\u00edt\u00e9s Mivel a falu apr\u00f3cska \u00e9s t\u00e1vol esik mindent\u0151l a bev\u00e1s\u00e1rl\u00e1s nehez\u00edtett. H\u00e9tk\u00f6znaponk\u00e9nt a helyi boltocska 16:00-ig, szombaton 11:00-ig van nyitva. Alap dolgokat lehet kapni, de k\u00f6zel sincs akkora v\u00e1laszt\u00e9k, mint ak\u00e1r egy v\u00e1rosi \u00e9jjel-nappaliban. A legk\u00f6zelebbi szupermarket Balassagyarmaton van, kb f\u00e9l \u00f3r\u00e1s aut\u00f3\u00fatra. Javasoljuk, hogy ink\u00e1bb hozz\u00e1tok magatokkal, amit terveztek enni \u00e9s f\u0151zni, [&hellip;]<\/p>\n","protected":false},"author":1,"featured_media":57,"parent":0,"menu_order":0,"comment_status":"closed","ping_status":"closed","template":"","meta":{"footnotes":""},"class_list":["post-61","page","type-page","status-publish","has-post-thumbnail","hentry"],"_links":{"self":[{"href":"https:\/\/okkalboho.hu\/index.php?rest_route=\/wp\/v2\/pages\/61","targetHints":{"allow":["GET"]}}],"collection":[{"href":"https:\/\/okkalboho.hu\/index.php?rest_route=\/wp\/v2\/pages"}],"about":[{"href":"https:\/\/okkalboho.hu\/index.php?rest_route=\/wp\/v2\/types\/page"}],"author":[{"embeddable":true,"href":"https:\/\/okkalboho.hu\/index.php?rest_route=\/wp\/v2\/users\/1"}],"replies":[{"embeddable":true,"href":"https:\/\/okkalboho.hu\/index.php?rest_route=%2Fwp%2Fv2%2Fcomments&post=61"}],"version-history":[{"count":2,"href":"https:\/\/okkalboho.hu\/index.php?rest_route=\/wp\/v2\/pages\/61\/revisions"}],"predecessor-version":[{"id":73,"href":"https:\/\/okkalboho.hu\/index.php?rest_route=\/wp\/v2\/pages\/61\/revisions\/73"}],"wp:featuredmedia":[{"embeddable":true,"href":"https:\/\/okkalboho.hu\/index.php?rest_route=\/wp\/v2\/media\/57"}],"wp:attachment":[{"href":"https:\/\/okkalboho.hu\/index.php?rest_route=%2Fwp%2Fv2%2Fmedia&parent=61"}],"curies":[{"name":"wp","href":"https:\/\/api.w.org\/{rel}","templated":true}]}}