{"id":56,"date":"2024-06-17T08:10:04","date_gmt":"2024-06-17T08:10:04","guid":{"rendered":"https:\/\/okkalboho.hu\/?page_id=56"},"modified":"2024-06-17T12:15:12","modified_gmt":"2024-06-17T12:15:12","slug":"araink-foglalas","status":"publish","type":"page","link":"https:\/\/okkalboho.hu\/?page_id=56","title":{"rendered":"\u00c1rak, foglal\u00e1s"},"content":{"rendered":"\n<blockquote class=\"wp-block-quote is-style-default has-custom-sz-n-1-color has-text-color has-background has-link-color wp-elements-8e6cc2612b9a242c26fc070a791d94df is-layout-flow wp-container-core-quote-is-layout-e3d1c41b wp-block-quote-is-layout-flow\" style=\"background-color:#814e07\">\n<p><strong>\u00c1raink (minimum 2 \u00e9jszaka eset\u00e9n):<\/strong><\/p>\n\n\n\n<p>4 f\u0151ig \u2013 90.000 Ft\/\u00e9j + IFA<\/p>\n\n\n\n<p>6 vagy t\u00f6bb f\u0151 eset\u00e9n \u2013 100.000 Ft\/\u00e9j + IFA<\/p>\n\n\n\n<p><em>(Az IFA m\u00e9rt\u00e9ke: 500 Ft\/f\u0151\/\u00e9j \u2013 18 \u00e9ves kor felett.)<\/em><\/p>\n\n\n\n<p>H\u00e9tk\u00f6znap 15% kedvezm\u00e9ny<\/p>\n\n\n\n<p>Id\u0151pontegyeztet\u00e9s ut\u00e1n a sz\u00e1ll\u00e1sd\u00edj 25%-\u00e1t el\u0151legk\u00e9nt k\u00e9rj\u00fck \u00e1tutalni a foglal\u00e1s ut\u00e1ni 5 munkanapon bel\u00fcl. A foglal\u00e1st az \u00f6sszeg be\u00e9rkez\u00e9se ut\u00e1n tekintj\u00fck v\u00e9glegesnek. Lemond\u00e1s eset\u00e9n az el\u0151leget akkor utaljuk vissza, ha az egyeztetett id\u0151pont el\u0151tt minimum egy h\u00e9ttel jelzik a lemond\u00e1st.<\/p>\n\n\n\n<div class=\"wp-block-booking-booking\"> <div id=\"form_id1154103221050\"  class=\"wpbc_container wpbc_container_booking_form wpbc_theme_dark_1 wpdevelop \" ><form  id=\"booking_form1\"   class=\"booking_form vertical\" method=\"post\" action=\"\"><div id=\"ajax_respond_insert1\" class=\"ajax_respond_insert\" style=\"display:none;\"><\/div><a name=\"bklnk1\" id=\"bklnk1\"><\/a><div id=\"booking_form_div1\" class=\"booking_form_div\"><style type=\"text\/css\">.wpbc_container_booking_form .block_hints, .wpbc_booking_form_simple .wpbc__form__div{max-width:440px;} <\/style>\n<div class=\"wpbc_booking_form_simple wpbc_booking_form_structure wpbc_form_center\">\n<div class=\"wpbc_calendar_wraper wpbc_change_over_triangle\"><div class=\"bk_calendar_frame wpbc_no_custom_width  months_num_in_row_ cal_month_num_2\" style=\"\"><div id=\"calendar_booking1\">Napt\u00e1r bet\u00f6lt\u00e9se<\/div><\/div><div style=\"font-size:7px;text-align:left;margin:0 0 10px;text-shadow: none;\">Powered by <a href=\"https:\/\/wpbookingcalendar.com\" target=\"_blank\" title=\"Booking Calendar plugin for WordPress\">Booking Calendar<\/a><\/div><textarea id=\"date_booking1\" name=\"date_booking1\" autocomplete=\"off\" style=\"display:none;\"><\/textarea><div class=\"block_hints datepick \"><div class=\"wpdev_hint_with_text\"><div class=\"block_free datepick-days-cell\"><a>&nbsp;<\/a><\/div><div class=\"block_text\">- <\/div><div class=\"block_text\">El\u00e9rhet\u0151<\/div><\/div><div class=\"wpdev_hint_with_text\"><div class=\"block_booked date_approved\">&nbsp;<\/div><div class=\"block_text\">- <\/div><div class=\"block_text\">Lefoglalva<\/div><\/div><div class=\"wpdev_hint_with_text\"><div class=\"block_pending date2approve\">&nbsp;<\/div><div class=\"block_text\">- <\/div><div class=\"block_text\">F\u00fcgg\u0151<\/div><\/div><div class=\"wpdev_hint_with_text\"><div class=\"datepick-days-cell datepick-unselectable date_user_unavailable\"><div class=\"datepick-inline\" style=\"width:30px !important;border: 0;box-shadow: none;float: left;min-width: 30px;padding: 0;\"><table class=\"datepick\" style=\"\"><tbody><tr><td class=\"datepick-days-cell datepick-unselectable date_user_unavailable\" style=\"height: 30px !important;\"><div class=\"wpbc-cell-box\">\t<div class=\"date-cell-content\">\t\t<div class=\"date-content-top\"><\/div>\t\t<span>&nbsp;<\/span>\t\t<div class=\"date-content-bottom\"><\/div>\t<\/div><\/div><\/td><\/tr><\/tbody><\/table><\/div><\/div><div class=\"block_text\">- <\/div><div class=\"block_text\">Nem el\u00e9rhet\u0151<\/div><\/div><\/div><\/div>\n<div class=\"wpbc__form__div\">\n\t<div class=\"wpbc__row\">\n\t\t<div class=\"wpbc__field\">  <label for=\"name1\">Vezet\u00e9kn\u00e9v*:<\/label><br>   <input type=\"text\" name=\"name1\" id=\"name1\" class=\"input-xlarge wpdev-validates-as-required\" \/><\/div>\n\t<\/div>\n\t<div class=\"wpbc__row\">\n\t\t<div class=\"wpbc__field\">  <label for=\"secondname1\">Keresztn\u00e9v*:<\/label><br>   <input type=\"text\" name=\"secondname1\" id=\"secondname1\" class=\"input-xlarge wpdev-validates-as-required\" \/><\/div>\n\t<\/div>\n\t<div class=\"wpbc__row\">\n\t\t<div class=\"wpbc__field\">  <label for=\"email1\">E-mail*:<\/label><br>   <input type=\"text\" name=\"email1\" id=\"email1\" class=\"input-xlarge wpdev-validates-as-email wpdev-validates-as-required wpdev-validates-as-required\" \/><\/div>\n\t<\/div>\n\t<div class=\"wpbc__row\">\n\t\t<div class=\"wpbc__field\">  <label for=\"phone1\">Telefonsz\u00e1m*:<\/label><br>   <input type=\"text\" name=\"phone1\" id=\"phone1\" class=\"input-xlarge wpdev-validates-as-required\" \/><\/div>\n\t<\/div>\n\t<div class=\"wpbc__row\">\n\t\t<div class=\"wpbc__field\">  <label for=\"details1\">Megjegyz\u00e9s:<\/label><br>   <textarea  rows=\"3\" name=\"details1\" id=\"details1\" class=\"input-xlarge\" ><\/textarea><\/div>\n\t<\/div>\n\t<div class=\"wpbc__row\">\n\t\t<div class=\"wpbc__field\"> <p><button class=\"wpbc_button_light\" type=\"button\" onclick=\"mybooking_submit(this.form,1,'hu_HU');\" >K\u00fcld\u00e9s<\/button><\/p> <\/div>\n\t<\/div>\n<\/div>\n<\/div><input id=\"bk_type1\" name=\"bk_type1\" class=\"\" type=\"hidden\" value=\"1\" \/><\/div><div id=\"submiting1\"><\/div><div class=\"form_bk_messages\" id=\"form_bk_messages1\" ><\/div><input type=\"hidden\" id=\"wpbc_nonceCALCULATE_THE_COST1\" name=\"wpbc_nonceCALCULATE_THE_COST1\" value=\"d29d56cf43\" \/><input type=\"hidden\" name=\"_wp_http_referer\" value=\"\/index.php?rest_route=%2Fwp%2Fv2%2Fpages%2F56\" \/><\/form><\/div><div id=\"booking_form_garbage1\" class=\"booking_form_garbage\"><\/div><script type=\"text\/javascript\">\n                                jQuery(document).ready( function(){\n                                    jQuery(\".widget_wpdev_booking .booking_form.form-horizontal\").removeClass(\"form-horizontal\");\n                                    var visible_calendars_count = _wpbc.get_other_param( \"calendars__on_this_page\" ).length;\n                                    if (visible_calendars_count !== null ) {\n                                        for (var i=0;i< visible_calendars_count ;i++){\n                                          if ( _wpbc.get_other_param( \"calendars__on_this_page\" )[i] === 1 ) {\n                                              document.getElementById(\"form_id1154103221050\").innerHTML = \"<span style='color:#A00;font-size:10px;'>Figyelem! A foglal\u00e1si er\u0151forr\u00e1s foglal\u00e1si napt\u00e1ra m\u00e1r megtal\u00e1lhat\u00f3 az oldalon. T\u00f6bbet err\u0151l itt : https:\/\/wpbookingcalendar.com\/faq\/why-the-booking-calendar-widget-not-show-on-page\/ olvashat<\/span>\";                                                                                                  \n                                              jQuery(\"#form_id1154103221050\").animate( {opacity: 1}, 10000 ).fadeOut(5000);\n                                              return;\n                                          }\n                                        }\n                                        _wpbc.get_other_param( \"calendars__on_this_page\" )[ visible_calendars_count ]=1;\n                                    }\n                                });\n                            <\/script> <script type='text\/javascript'> jQuery(document).ready( function(){  _wpbc.balancer__set_max_threads( 3 );  _wpbc.calendar__set_param_value( 1 , 'calendar_scroll_to' , false );  _wpbc.calendar__set_param_value( 1 , 'booking_max_monthes_in_calendar' , '2y' );  _wpbc.calendar__set_param_value( 1 , 'booking_start_day_weeek' , '1' );  _wpbc.calendar__set_param_value( 1 , 'calendar_number_of_months' , '2' );   _wpbc.calendar__set_param_value( 1, 'days_select_mode', 'multiple' );   _wpbc.calendar__set_param_value( 1, 'fixed__days_num', 0 );   _wpbc.calendar__set_param_value( 1, 'fixed__week_days__start',   [] );   _wpbc.calendar__set_param_value( 1, 'dynamic__days_min', 0 );   _wpbc.calendar__set_param_value( 1, 'dynamic__days_max', 0 );   _wpbc.calendar__set_param_value( 1, 'dynamic__days_specific',    [] );   _wpbc.calendar__set_param_value( 1, 'dynamic__week_days__start', [] );   _wpbc.calendar__set_param_value( 1, 'booking_date_format', 'Y. F j.' );   _wpbc.calendar__set_param_value( 1, 'booking_time_format', 'H:i' );   if ( 'function' === typeof ( wpbc__conditions__SAVE_INITIAL__days_selection_params__bm ) ){ wpbc__conditions__SAVE_INITIAL__days_selection_params__bm( 1 ); }   wpbc_calendar_show( '1' );   _wpbc.set_secure_param( 'nonce',   '3dc682b91b' );   _wpbc.set_secure_param( 'user_id', '0' );   _wpbc.set_secure_param( 'locale',  'hu_HU' );  wpbc_calendar__load_data__ajx( {\"resource_id\":1,\"booking_hash\":\"\",\"request_uri\":\"\\\/index.php?rest_route=%2Fwp%2Fv2%2Fpages%2F56\",\"custom_form\":\"standard\",\"aggregate_resource_id_str\":\"\",\"aggregate_type\":\"all\"} );  } ); <\/script><\/div>\n<\/blockquote>\n","protected":false},"excerpt":{"rendered":"","protected":false},"author":1,"featured_media":335,"parent":0,"menu_order":0,"comment_status":"closed","ping_status":"closed","template":"","meta":{"footnotes":""},"class_list":["post-56","page","type-page","status-publish","has-post-thumbnail","hentry"],"_links":{"self":[{"href":"https:\/\/okkalboho.hu\/index.php?rest_route=\/wp\/v2\/pages\/56","targetHints":{"allow":["GET"]}}],"collection":[{"href":"https:\/\/okkalboho.hu\/index.php?rest_route=\/wp\/v2\/pages"}],"about":[{"href":"https:\/\/okkalboho.hu\/index.php?rest_route=\/wp\/v2\/types\/page"}],"author":[{"embeddable":true,"href":"https:\/\/okkalboho.hu\/index.php?rest_route=\/wp\/v2\/users\/1"}],"replies":[{"embeddable":true,"href":"https:\/\/okkalboho.hu\/index.php?rest_route=%2Fwp%2Fv2%2Fcomments&post=56"}],"version-history":[{"count":4,"href":"https:\/\/okkalboho.hu\/index.php?rest_route=\/wp\/v2\/pages\/56\/revisions"}],"predecessor-version":[{"id":405,"href":"https:\/\/okkalboho.hu\/index.php?rest_route=\/wp\/v2\/pages\/56\/revisions\/405"}],"wp:featuredmedia":[{"embeddable":true,"href":"https:\/\/okkalboho.hu\/index.php?rest_route=\/wp\/v2\/media\/335"}],"wp:attachment":[{"href":"https:\/\/okkalboho.hu\/index.php?rest_route=%2Fwp%2Fv2%2Fmedia&parent=56"}],"curies":[{"name":"wp","href":"https:\/\/api.w.org\/{rel}","templated":true}]}}