{"id":2,"date":"2024-06-06T14:05:58","date_gmt":"2024-06-06T14:05:58","guid":{"rendered":"https:\/\/okkalboho.hu\/?page_id=2"},"modified":"2024-08-13T18:02:40","modified_gmt":"2024-08-13T18:02:40","slug":"rolunk","status":"publish","type":"page","link":"https:\/\/okkalboho.hu\/?page_id=2","title":{"rendered":"R\u00f3lunk"},"content":{"rendered":"\n<blockquote class=\"wp-block-quote is-style-default has-custom-sz-n-1-color has-text-color has-background has-link-color wp-elements-f0d3a69b84eda4733911632d6041809a is-layout-flow wp-container-core-quote-is-layout-e3d1c41b wp-block-quote-is-layout-flow\" style=\"background-color:#814e07\">\n<p>A Cserh\u00e1t v\u00f6lgyeiben megb\u00fav\u00f3 csendes Szanda k\u00f6zs\u00e9gnek siker\u00fcl \u00fagy a vil\u00e1g v\u00e9g\u00e9n lenni, hogy igaz\u00e1b\u00f3l a vil\u00e1g k\u00f6zepe. Szandav\u00e1ralj\u00e1val egy\u00fctt alkot egy telep\u00fcl\u00e9st, de Ter\u00e9ny is csak egy k\u00f6p\u00e9sre tal\u00e1lhat\u00f3. Ha a falvak neve nem cseng ismer\u0151sen, \u00fagy a legjobb. N\u00f3gr\u00e1d megy\u00e9nek ez a r\u00e9sze sokaknak ismeretlen, de ha valaki m\u00e1r j\u00e1rt errefel\u00e9 sosem felejti el a z\u00f6ld dombok l\u00e1tv\u00e1ny\u00e1t, a seg\u00edt\u0151k\u00e9sz helyi emberek k\u00edv\u00e1ncsis\u00e1g\u00e1t, a csendes m\u00e9gis \u00e9lettel teli falusi utc\u00e1csk\u00e1kat, a mindenhol jelen lev\u0151 term\u00e9szetet.<\/p>\n\n\n\n<p>H\u00e1zik\u00f3nk a falu v\u00e9g\u00e9n tal\u00e1lhat\u00f3, sz\u00f3 szerint egy percre v\u00e9gtelen erd\u0151kt\u0151l, mez\u0151kt\u0151l, melyek minden \u00e9vszakban meghat\u00f3 \u00e9lm\u00e9nyekkel gazdag\u00edtanak, ak\u00e1r muflon csorda vonul\u00e1s\u00e1r\u00f3l, ak\u00e1r gombavad\u00e1szatr\u00f3l legyen sz\u00f3, de t\u00e9len a csizma talpa alatt ropog\u00f3 h\u00f3 is maradand\u00f3 \u00e9lm\u00e9ny lehet, f\u0151leg egy v\u00e1rosi embernek.<\/p>\n\n\n\n<p>Ha m\u00e9gsem vonz a term\u00e9szet, akkor a kertben tal\u00e1lsz el\u00e9g z\u00f6ldet ahhoz, hogy az \u00e9rz\u00e9kszerveid \u00e1t\u00e1ll\u00edt\u00f3djanak relax\u00e1lt m\u00f3dba. Szaunah\u00e1z finn szaun\u00e1val, kinti konyha (kamado grillel), t\u0171zrak\u00f3hely, lombh\u00e1z, hatalmas fedett terasz, csocs\u00f3asztal biztos\u00edtja kicsik \u00e9s nagyok sz\u00f3rakoz\u00e1s\u00e1t an\u00e9lk\u00fcl, hogy a port\u00e1t el kellene hagyni.<\/p>\n\n\n\n<p>A h\u00e1z v\u00e1lyogb\u00f3l \u00e9p\u00fclt vagy sz\u00e1z \u00e9ve. Korszer\u0171 fel\u00faj\u00edt\u00e1s ut\u00e1n most olyan, mint a m\u00falt \u00e9s jelen sz\u00ednes szerelemgyermeke. K\u00e9t h\u00e1l\u00f3szob\u00e1ban n\u00e9gyen f\u00e9rnek el, f\u0171t\u00e9sszezonon k\u00edv\u00fcl pedig m\u00e9g k\u00e9t f\u0151 sz\u00e1m\u00e1ra k\u00e9nyelmes h\u00e1l\u00f3helyet biztos\u00edt az \u201colvas\u00f3sarok\u201d.<\/p>\n\n\n\n<p>Hatalmas nappaliban hatalmas kanap\u00e9n lehet olvasgatni, t\u00e1rsasj\u00e1t\u00e9kozni vagy tartalmas esetleg sz\u00f3rakoztat\u00f3 besz\u00e9lget\u00e9seket folytatni. A f\u0171t\u00e9st t\u00f6bb helys\u00e9gben padl\u00f3f\u0171t\u00e9s, m\u00e1shol csendes h\u0151szivatty\u00fa biztos\u00edtja, de a fat\u00fczel\u00e9ses cser\u00e9pk\u00e1lyha m\u00e9g a fagyott sz\u00edveket is \u00e1tmeleg\u00edti.<\/p>\n\n\n\n<p>Sz\u00e9lless\u00e1v\u00fa \u00fcvegsz\u00e1las internet \u00e9s kandall\u00f3 mellett kialak\u00edtott , j\u00f3l felszerelt&nbsp; dolgoz\u00f3sarok (Herman Miller irodasz\u00e9kkel) biztos\u00edtja a lehet\u0151s\u00e9get a k\u00e9nyelmes t\u00e1vmunk\u00e1hoz, az automata k\u00e1v\u00e9g\u00e9p pedig a mun\u00edci\u00f3t.<\/p>\n\n\n\n<p>A hatalmas konyha-eb\u00e9dl\u0151 \u00e9s a nappali egybe nyitott, \u00edgy a \u201cszak\u00e1cs\u201d is a t\u00e1rsas\u00e1g r\u00e9sze lehet. A konyha j\u00f3l felszerelt: f\u0151z\u0151lap, mosogat\u00f3g\u00e9p, alap \u00e9s nem alap \u00e9lelmiszerek, KitchenAid keny\u00e9rpir\u00edt\u00f3, v\u00edzforral\u00f3, gofri s\u00fct\u0151, h\u0171t\u0151, mikrohull\u00e1m\u00fa s\u00fct\u0151 minden ig\u00e9nyt kiel\u00e9g\u00edt.<\/p>\n\n\n\n<p>Kutya- \u00e9s macskabar\u00e1t hely vagyunk.<\/p>\n<\/blockquote>\n","protected":false},"excerpt":{"rendered":"<p>A Cserh\u00e1t v\u00f6lgyeiben megb\u00fav\u00f3 csendes Szanda k\u00f6zs\u00e9gnek siker\u00fcl \u00fagy a vil\u00e1g v\u00e9g\u00e9n lenni, hogy igaz\u00e1b\u00f3l a vil\u00e1g k\u00f6zepe. Szandav\u00e1ralj\u00e1val egy\u00fctt alkot egy telep\u00fcl\u00e9st, de Ter\u00e9ny is csak egy k\u00f6p\u00e9sre tal\u00e1lhat\u00f3. Ha a falvak neve nem cseng ismer\u0151sen, \u00fagy a legjobb. N\u00f3gr\u00e1d megy\u00e9nek ez a r\u00e9sze sokaknak ismeretlen, de ha valaki m\u00e1r j\u00e1rt errefel\u00e9 sosem felejti [&hellip;]<\/p>\n","protected":false},"author":1,"featured_media":47,"parent":0,"menu_order":0,"comment_status":"closed","ping_status":"closed","template":"","meta":{"footnotes":""},"class_list":["post-2","page","type-page","status-publish","has-post-thumbnail","hentry"],"_links":{"self":[{"href":"https:\/\/okkalboho.hu\/index.php?rest_route=\/wp\/v2\/pages\/2","targetHints":{"allow":["GET"]}}],"collection":[{"href":"https:\/\/okkalboho.hu\/index.php?rest_route=\/wp\/v2\/pages"}],"about":[{"href":"https:\/\/okkalboho.hu\/index.php?rest_route=\/wp\/v2\/types\/page"}],"author":[{"embeddable":true,"href":"https:\/\/okkalboho.hu\/index.php?rest_route=\/wp\/v2\/users\/1"}],"replies":[{"embeddable":true,"href":"https:\/\/okkalboho.hu\/index.php?rest_route=%2Fwp%2Fv2%2Fcomments&post=2"}],"version-history":[{"count":4,"href":"https:\/\/okkalboho.hu\/index.php?rest_route=\/wp\/v2\/pages\/2\/revisions"}],"predecessor-version":[{"id":514,"href":"https:\/\/okkalboho.hu\/index.php?rest_route=\/wp\/v2\/pages\/2\/revisions\/514"}],"wp:featuredmedia":[{"embeddable":true,"href":"https:\/\/okkalboho.hu\/index.php?rest_route=\/wp\/v2\/media\/47"}],"wp:attachment":[{"href":"https:\/\/okkalboho.hu\/index.php?rest_route=%2Fwp%2Fv2%2Fmedia&parent=2"}],"curies":[{"name":"wp","href":"https:\/\/api.w.org\/{rel}","templated":true}]}}